{"id":101,"date":"2025-08-22T17:28:00","date_gmt":"2025-08-22T17:28:00","guid":{"rendered":"https:\/\/abrabrics.org\/site\/?page_id=101"},"modified":"2025-12-20T10:17:10","modified_gmt":"2025-12-20T10:17:10","slug":"diretoria","status":"publish","type":"page","link":"https:\/\/abrabrics.org\/site\/diretoria\/","title":{"rendered":"Diretoria"},"content":{"rendered":"<div class=\"wpb-content-wrapper\"><p>[vc_row][vc_column width=&#8221;1\/4&#8243;][vc_column_text css=&#8221;&#8221;]<\/p>\n<h2 style=\"text-align: center;\">Diretoria<\/h2>\n<p>[\/vc_column_text][\/vc_column][vc_column width=&#8221;3\/4&#8243;][\/vc_column][\/vc_row][vc_row][vc_column width=&#8221;1\/4&#8243;][vc_single_image image=&#8221;244&#8243; img_size=&#8221;full&#8221; alignment=&#8221;center&#8221; style=&#8221;vc_box_circle_2&#8243; css=&#8221;.vc_custom_1756323136730{margin-right: 50px !important;margin-bottom: 0px !important;margin-left: 50px !important;}&#8221;][vc_column_text css=&#8221;&#8221;]<\/p>\n<p style=\"text-align: center;\"><strong>Fabiano Mielniczuk<br \/>\n<\/strong>Presidente[\/vc_column_text][\/vc_column][vc_column width=&#8221;3\/4&#8243;][vc_column_text css=&#8221;&#8221;]<\/p>\n<p style=\"text-align: justify;\">Doutor em Rela\u00e7\u00f5es Internacionais pela Pontif\u00edcia Universidade Cat\u00f3lica do Rio de Janeiro. \u00c9 professor do Departamento de Ci\u00eancia Pol\u00edtica e professor permanente do Programa de P\u00f3s-Gradua\u00e7\u00e3o em Estudos Estrat\u00e9gicos Internacionais da Universidade Federal do Rio Grande do Sul (UFRGS). Foi coordenador de pesquisa do BRICS Policy Center 2011-2013 e atualmente \u00e9 pesquisador do NEBRICS\/UFRGS. Foi membro do Conselho Diretor (Diretor de Pesquisa) da Associa\u00e7\u00e3o Brasileira de Ci\u00eancia Pol\u00edtica (ABCP) no bi\u00eanio 2020-2022 e Coordenador do Programa de P\u00f3s-Gradua\u00e7\u00e3o em Ci\u00eancia Pol\u00edtica da UFRGS (2021-2023). Em 2024, foi chefe da delega\u00e7\u00e3o brasileira no F\u00f3rum Civil do Brics (Moscou, 3 e 4 de julho) e \u00e9 um dos representantes brasileiros no Civil BRICS Council.<\/p>\n<p>[\/vc_column_text][vc_separator style=&#8221;shadow&#8221; css=&#8221;&#8221;][\/vc_column][\/vc_row][vc_row][vc_column width=&#8221;1\/4&#8243;][vc_single_image image=&#8221;516&#8243; img_size=&#8221;full&#8221; alignment=&#8221;center&#8221; style=&#8221;vc_box_circle_2&#8243; css=&#8221;.vc_custom_1758671521048{margin-right: 50px !important;margin-bottom: 0px !important;margin-left: 50px !important;}&#8221;][vc_column_text css=&#8221;&#8221;]<\/p>\n<p style=\"text-align: center;\"><strong>Eliezer Pedroso<br \/>\n<\/strong>Diretor de Projetos[\/vc_column_text][\/vc_column][vc_column width=&#8221;3\/4&#8243;][vc_column_text css=&#8221;&#8221;]<\/p>\n<p style=\"text-align: justify;\">Mestre em Sociologia pela Universidade Federal do Rio Grande do Sul (UFRGS).\u00a0 Bacharel em Ci\u00eancias Sociais pela UFRGS e em Administra\u00e7\u00e3o pelo Centro Universit\u00e1rio Metodista IPA. <span class=\"s1\">\u00c9 Diretor de Projetos na Master Tecnologia da Informa\u00e7\u00e3o. <\/span>Em 2025, foi membro do grupo de trabalho sobre Economia Digital, Soberania Digital, Intelig\u00eancia Artificial e Governan\u00e7a no F\u00f3rum Civil do BRICS. Tem experi\u00eancia em pesquisa e desenvolvimento de projetos de plataformas digitais para governos e organiza\u00e7\u00f5es da sociedade civil com uso de software livre e c\u00f3digo aberto. Suas principais \u00e1reas de interesse s\u00e3o Ontologia Pol\u00edtica, Paradigmas Pol\u00edticos, Soberania Tecnol\u00f3gica, Governan\u00e7a da Internet, Plataformaiza\u00e7\u00e3o e BRICS.<\/p>\n<p>[\/vc_column_text][vc_separator style=&#8221;shadow&#8221; css=&#8221;&#8221;][\/vc_column][\/vc_row][vc_row][vc_column width=&#8221;1\/4&#8243;][vc_single_image image=&#8221;448&#8243; img_size=&#8221;full&#8221; alignment=&#8221;center&#8221; style=&#8221;vc_box_circle_2&#8243; css=&#8221;.vc_custom_1757683019775{margin-right: 50px !important;margin-bottom: 0px !important;margin-left: 50px !important;}&#8221;][vc_column_text css=&#8221;&#8221;]<\/p>\n<p style=\"text-align: center;\"><strong>Anelise Spohr<br \/>\n<\/strong>Diretora Financeira[\/vc_column_text][\/vc_column][vc_column width=&#8221;3\/4&#8243;][vc_column_text css=&#8221;&#8221;]<\/p>\n<p style=\"text-align: justify;\">MBA em <span class=\"s1\">Finan\u00e7as, Auditoria e Controladoria <\/span>pela Funda\u00e7\u00e3o Get\u00falio Vargas (FGV). Possui gradua\u00e7\u00e3o em Arquivologia e em Ci\u00eancias Cont\u00e1beis pela Universidade Federal de Santa Maria (UFSM). Atua na \u00e1rea de controladoria e finan\u00e7as, em empresas nacionais e multinacionais. Tem experi\u00eancia em planejamento financeiro estrat\u00e9gico, an\u00e1lise de custos, controle or\u00e7ament\u00e1rio, proje\u00e7\u00f5es financeiras e elabora\u00e7\u00e3o de relat\u00f3rios gerenciais.<\/p>\n<p>[\/vc_column_text][vc_separator style=&#8221;shadow&#8221; css=&#8221;&#8221;][\/vc_column][\/vc_row][vc_row][vc_column width=&#8221;1\/4&#8243;][vc_single_image image=&#8221;231&#8243; img_size=&#8221;full&#8221; alignment=&#8221;center&#8221; style=&#8221;vc_box_circle_2&#8243; css=&#8221;.vc_custom_1756317278637{margin-right: 50px !important;margin-bottom: 0px !important;margin-left: 50px !important;}&#8221;][vc_column_text css=&#8221;&#8221;]<\/p>\n<p style=\"text-align: center;\"><strong>Jair Montiel<br \/>\n<\/strong>Diretor de Rela\u00e7\u00f5es Institucionais[\/vc_column_text][\/vc_column][vc_column width=&#8221;3\/4&#8243;][vc_column_text css=&#8221;&#8221;]<\/p>\n<p style=\"text-align: justify;\">Especialista em Administra\u00e7\u00e3o P\u00fablica pela Universidade Federal do Rio Grande do Sul (UFRGS). Possui gradua\u00e7\u00e3o em Filosofia pela Universidade do Vale do Rio dos Sinos (2015) e \u00e9 graduando em Ci\u00eancias Sociais (UFRGS). Foi Vereador no Munic\u00edpio de Salvador do Sul &#8211; legislatura (2009-2012); Agente Administrativo concursado nos Munic\u00edpios de Salvador do Sul-RS (2007-2011), Carlos Barbosa-RS (2011) e Tupandi-RS (2012-2014). Atualmente \u00e9 Diretor do IEM &#8211; Instituto de Estudos Municipais.<\/p>\n<p>[\/vc_column_text][vc_separator style=&#8221;shadow&#8221; css=&#8221;&#8221;][\/vc_column][\/vc_row][vc_row css=&#8221;.vc_custom_1756296906832{margin-top: 30px !important;}&#8221;][vc_column width=&#8221;1\/4&#8243;][vc_column_text css=&#8221;&#8221;]<\/p>\n<h2 style=\"text-align: center;\">Conselho Fiscal<\/h2>\n<p>[\/vc_column_text][\/vc_column][vc_column width=&#8221;3\/4&#8243;][\/vc_column][\/vc_row][vc_row][vc_column width=&#8221;1\/4&#8243;][vc_single_image image=&#8221;221&#8243; img_size=&#8221;full&#8221; alignment=&#8221;center&#8221; style=&#8221;vc_box_circle_2&#8243; css=&#8221;.vc_custom_1756317288454{margin-right: 50px !important;margin-bottom: 0px !important;margin-left: 50px !important;}&#8221;][vc_column_text css=&#8221;&#8221;]<\/p>\n<p style=\"text-align: center;\"><strong>Boris Zabolotsky<\/strong><\/p>\n<p>[\/vc_column_text][\/vc_column][vc_column width=&#8221;3\/4&#8243;][vc_column_text css=&#8221;&#8221;]<\/p>\n<p style=\"text-align: justify;\">Doutor em Ci\u00eancia Pol\u00edtica (PPGCP) pela Universidade Federal do Rio Grande do Sul (UFRGS), com per\u00edodo de fellowship internacional no Moscow State Institute of International Relations (MGIMO). Mestre em Estudos Estrat\u00e9gicos Internacionais (PPGEEI) pela mesma institui\u00e7\u00e3o. Especialista em Rela\u00e7\u00f5es Internacionais Contempor\u00e2neas pela Universidade Federal da Integra\u00e7\u00e3o Latino-Americana (UNILA) e bacharel em Rela\u00e7\u00f5es Internacionais pela Universidade Federal de Santa Maria (UFSM). Atualmente \u00e9 Professor ES III de gradua\u00e7\u00e3o na Universidade Salvador (UNIFACS). Seus principais interesses de pesquisa incluem Pol\u00edtica Externa Russa, Rela\u00e7\u00f5es entre R\u00fassia e OTAN, BRICS+, Estudos Cr\u00edticos de Seguran\u00e7a e Teorias P\u00f3s-Positivistas.<\/p>\n<p>[\/vc_column_text][vc_separator style=&#8221;shadow&#8221; css=&#8221;&#8221;][\/vc_column][\/vc_row][vc_row][vc_column width=&#8221;1\/4&#8243;][vc_single_image image=&#8221;342&#8243; img_size=&#8221;full&#8221; alignment=&#8221;center&#8221; style=&#8221;vc_box_circle_2&#8243; css=&#8221;.vc_custom_1757335329877{margin-right: 50px !important;margin-bottom: 0px !important;margin-left: 50px !important;}&#8221;][vc_column_text css=&#8221;&#8221;]<\/p>\n<p style=\"text-align: center;\"><strong>Eulice Dantas<\/strong><\/p>\n<p>[\/vc_column_text][\/vc_column][vc_column width=&#8221;3\/4&#8243;][vc_column_text css=&#8221;&#8221;]<\/p>\n<p style=\"text-align: justify;\">Bacharela em Rela\u00e7\u00f5es Internacionais pela Universidade Federal de Goi\u00e1s (UFG) e p\u00f3s-graduada em Neg\u00f3cios Internacionais pela Universidade Anhembi Morumbi. Atualmente \u00e9 mestranda no Programa de P\u00f3s-Gradua\u00e7\u00e3o em Estudos Estrat\u00e9gicos Internacionais da UFRGS (PPGEEI\/UFRGS), desenvolvendo pesquisa sobre seguran\u00e7a n\u00e3o tradicional nos BRICS e as din\u00e2micas bilaterais entre China e R\u00fassia. Possui experi\u00eancia em projetos de pesquisa sobre identidade russa, securitiza\u00e7\u00e3o de protestos e refugiados e seus principais interesses incluem pol\u00edtica internacional, seguran\u00e7a internacional e governan\u00e7a global.<\/p>\n<p>[\/vc_column_text][vc_separator style=&#8221;shadow&#8221; css=&#8221;&#8221;][\/vc_column][\/vc_row][vc_row][vc_column width=&#8221;1\/4&#8243;][vc_single_image image=&#8221;219&#8243; img_size=&#8221;full&#8221; alignment=&#8221;center&#8221; style=&#8221;vc_box_circle_2&#8243; css=&#8221;.vc_custom_1756317297286{margin-right: 50px !important;margin-bottom: 0px !important;margin-left: 50px !important;}&#8221;][vc_column_text css=&#8221;&#8221;]<\/p>\n<p style=\"text-align: center;\"><strong>Mauricio Levien<\/strong><\/p>\n<p>[\/vc_column_text][\/vc_column][vc_column width=&#8221;3\/4&#8243;][vc_column_text css=&#8221;&#8221;]<\/p>\n<p style=\"text-align: justify;\">Doutorando em Estudos Estrat\u00e9gicos Internacionais pela Universidade Federal do Rio Grade do Sul (UFRGS). Bacharel em Rela\u00e7\u00f5es Internacionais pela Universidade do Vale do Rio dos Sinos (UNISINOS) e Mestre em Estudos Estrat\u00e9gicos Internacionais pela Universidade Federal do Rio Grande do Sul. Possui Especializa\u00e7\u00e3o em Estrat\u00e9gia e Rela\u00e7\u00f5es Interncionais Contempor\u00e2neas, pela UFRGS, e em Gepol\u00edtica e Defesa, pelo Centro de Estudos Internacionais sobre o Governo (CEGOV). Tem foco na \u00e1rea de Ci\u00eancia Pol\u00edtica, com \u00eanfase em Pol\u00edtica Internacional e Seguran\u00e7a Internacional. Busca atuar em \u00e1reas afins ao campo das Rela\u00e7\u00f5es Internacionais.<\/p>\n<p>[\/vc_column_text][vc_separator style=&#8221;shadow&#8221; css=&#8221;&#8221;][\/vc_column][\/vc_row][vc_row css=&#8221;.vc_custom_1756296906832{margin-top: 30px !important;}&#8221;][vc_column width=&#8221;1\/4&#8243;][vc_column_text css=&#8221;&#8221;]<\/p>\n<h2 style=\"text-align: center;\">Secretaria<\/h2>\n<p>[\/vc_column_text][\/vc_column][vc_column width=&#8221;3\/4&#8243;][\/vc_column][\/vc_row][vc_row][vc_column width=&#8221;1\/4&#8243;][vc_single_image image=&#8221;352&#8243; img_size=&#8221;full&#8221; alignment=&#8221;center&#8221; style=&#8221;vc_box_circle_2&#8243; css=&#8221;.vc_custom_1757339893432{margin-right: 50px !important;margin-bottom: 0px !important;margin-left: 50px !important;}&#8221;][vc_column_text css=&#8221;&#8221;]<\/p>\n<p style=\"text-align: center;\"><strong>Camila Cabrera<br \/>\n<\/strong>Secret\u00e1ria de Comunica\u00e7\u00e3o[\/vc_column_text][\/vc_column][vc_column width=&#8221;3\/4&#8243;][vc_column_text css=&#8221;&#8221;]<\/p>\n<p style=\"text-align: justify;\">Coordenadora Pedag\u00f3gica no Instituto de Estudos Municipais (IEM). Graduanda em Ci\u00eancias Sociais pela Universidade Federal do Rio Grande do Sul (UFRGS) e Pedagoga pela Universidade Luterana do Brasil (ULBRA). Atualmente \u00e9 bolsista de Inicia\u00e7\u00e3o Cient\u00edfica com o projeto Conex\u00f5es entre pol\u00edticas, litig\u00e2ncias clim\u00e1ticas e efeitos territoriais (UFES\/CNPq). Tem interesse em temas relacionados \u00e0 Crise Clim\u00e1tica e sa\u00fade, Justi\u00e7a Clim\u00e1tica e Governan\u00e7a Global. Foi bolsista de Inicia\u00e7\u00e3o Cient\u00edfica pela PROPESQ (UFRGS), onde pesquisou a tem\u00e1tica BRICS: Paradigmas de Pol\u00edtica P\u00fablica e Governan\u00e7a Global. Integrante do grupo de pesquisa Tecnologia, Meio Ambiente e Sociedade (TEMAS\/UFRGS) e da Rede Climatizando.<\/p>\n<p>[\/vc_column_text][vc_separator style=&#8221;shadow&#8221; css=&#8221;&#8221;][\/vc_column][\/vc_row][vc_row][vc_column width=&#8221;1\/4&#8243;][vc_single_image image=&#8221;458&#8243; img_size=&#8221;full&#8221; alignment=&#8221;center&#8221; style=&#8221;vc_box_circle_2&#8243; css=&#8221;.vc_custom_1757696727135{margin-right: 50px !important;margin-bottom: 0px !important;margin-left: 50px !important;}&#8221;][vc_column_text css=&#8221;&#8221;]<\/p>\n<p style=\"text-align: center;\"><strong>Thobias Canterle<br \/>\n<\/strong>Assessor Jur\u00eddico[\/vc_column_text][\/vc_column][vc_column width=&#8221;3\/4&#8243;][vc_column_text css=&#8221;&#8221;]<\/p>\n<p style=\"text-align: justify;\">Especialista em Direito e Processo do Trabalho pela Universidade Anhanguera (Uniderp). Possui gradua\u00e7\u00e3o em Direito pela Universidade Regional do Noroeste do Estado do Rio Grande do Sul (UNIJU\u00cd) e em Ci\u00eancias Sociais pela Universidade Federal do Rio Grande do Sul (UFRGS). Atualmente \u00e9 servidor p\u00fablico federal. Tem experi\u00eancia na \u00e1rea de Direito, com \u00eanfase em Direito do Trabalho e Processual do Trabalho.<\/p>\n<p>[\/vc_column_text][vc_separator style=&#8221;shadow&#8221; css=&#8221;&#8221;][\/vc_column][\/vc_row]<\/p>\n<\/div>","protected":false},"excerpt":{"rendered":"<p>[vc_row][vc_column width=&#8221;1\/4&#8243;][vc_column_text css=&#8221;&#8221;] Diretoria [\/vc_column_text][\/vc_column][vc_column width=&#8221;3\/4&#8243;][\/vc_column][\/vc_row][vc_row][vc_column width=&#8221;1\/4&#8243;][vc_single_image image=&#8221;244&#8243; img_size=&#8221;full&#8221; alignment=&#8221;center&#8221; style=&#8221;vc_box_circle_2&#8243; css=&#8221;.vc_custom_1756323136730{margin-right: 50px !important;margin-bottom: 0px !important;margin-left: 50px !important;}&#8221;][vc_column_text css=&#8221;&#8221;] Fabiano Mielniczuk Presidente[\/vc_column_text][\/vc_column][vc_column width=&#8221;3\/4&#8243;][vc_column_text css=&#8221;&#8221;] Doutor em Rela\u00e7\u00f5es Internacionais pela Pontif\u00edcia Universidade Cat\u00f3lica do Rio de Janeiro. \u00c9 professor do Departamento de Ci\u00eancia Pol\u00edtica e professor permanente do Programa de P\u00f3s-Gradua\u00e7\u00e3o em Estudos Estrat\u00e9gicos Internacionais da [&hellip;]<\/p>\n","protected":false},"author":1,"featured_media":0,"parent":0,"menu_order":0,"comment_status":"closed","ping_status":"closed","template":"","meta":{"footnotes":""},"_links":{"self":[{"href":"https:\/\/abrabrics.org\/site\/wp-json\/wp\/v2\/pages\/101"}],"collection":[{"href":"https:\/\/abrabrics.org\/site\/wp-json\/wp\/v2\/pages"}],"about":[{"href":"https:\/\/abrabrics.org\/site\/wp-json\/wp\/v2\/types\/page"}],"author":[{"embeddable":true,"href":"https:\/\/abrabrics.org\/site\/wp-json\/wp\/v2\/users\/1"}],"replies":[{"embeddable":true,"href":"https:\/\/abrabrics.org\/site\/wp-json\/wp\/v2\/comments?post=101"}],"version-history":[{"count":86,"href":"https:\/\/abrabrics.org\/site\/wp-json\/wp\/v2\/pages\/101\/revisions"}],"predecessor-version":[{"id":593,"href":"https:\/\/abrabrics.org\/site\/wp-json\/wp\/v2\/pages\/101\/revisions\/593"}],"wp:attachment":[{"href":"https:\/\/abrabrics.org\/site\/wp-json\/wp\/v2\/media?parent=101"}],"curies":[{"name":"wp","href":"https:\/\/api.w.org\/{rel}","templated":true}]}}