{"id":376,"date":"2025-09-09T14:00:48","date_gmt":"2025-09-09T14:00:48","guid":{"rendered":"https:\/\/abrabrics.org\/site\/?page_id=376"},"modified":"2025-09-25T18:24:19","modified_gmt":"2025-09-25T18:24:19","slug":"saude","status":"publish","type":"page","link":"https:\/\/abrabrics.org\/site\/saude\/","title":{"rendered":"Sa\u00fade"},"content":{"rendered":"<div class=\"wpb-content-wrapper\"><p>[vc_row][vc_column][vc_column_text css=&#8221;&#8221;]<\/p>\n<h2 class=\"wp-block-heading\" style=\"text-align: left;\">Grupo de trabalho Sa\u00fade<\/h2>\n<p>[\/vc_column_text][\/vc_column][\/vc_row][vc_row][vc_column width=&#8221;1\/4&#8243;][vc_single_image image=&#8221;541&#8243; img_size=&#8221;full&#8221; alignment=&#8221;center&#8221; style=&#8221;vc_box_circle_2&#8243; css=&#8221;.vc_custom_1758824483791{margin-right: 50px !important;margin-bottom: 0px !important;margin-left: 50px !important;}&#8221;][vc_column_text css=&#8221;&#8221;]<\/p>\n<p style=\"text-align: center;\"><strong>Mar\u00eda Celia Guerra Medina<br \/>\n<\/strong>Coordenadora[\/vc_column_text][\/vc_column][vc_column width=&#8221;3\/4&#8243;][vc_column_text css=&#8221;&#8221;]&nbsp;<\/p>\n<p style=\"text-align: justify;\">M\u00e9dica, especialista em Sa\u00fade P\u00fablica, p\u00f3s-graduada em Epidemiologia, ex- professora em sa\u00fade p\u00fablica na Universidade de Mogi das Cruzes, participou da funda\u00e7\u00e3o do CEBES (Centro Brasileiro de Estudos de Sa\u00fade). No momento, supervisora acad\u00eamica no Programa Mais M\u00e9dicos e membro da CEBRAPAZ (Centro Brasileiro pela Paz e Solidariedade entre os Povos).<\/p>\n<p>[\/vc_column_text][vc_separator style=&#8221;shadow&#8221; css=&#8221;&#8221;][\/vc_column][\/vc_row][vc_row][vc_column][vc_empty_space height=&#8221;100px&#8221;][\/vc_column][\/vc_row]<\/p>\n<\/div>","protected":false},"excerpt":{"rendered":"<p>[vc_row][vc_column][vc_column_text css=&#8221;&#8221;] Grupo de trabalho Sa\u00fade [\/vc_column_text][\/vc_column][\/vc_row][vc_row][vc_column width=&#8221;1\/4&#8243;][vc_single_image image=&#8221;541&#8243; img_size=&#8221;full&#8221; alignment=&#8221;center&#8221; style=&#8221;vc_box_circle_2&#8243; css=&#8221;.vc_custom_1758824483791{margin-right: 50px !important;margin-bottom: 0px !important;margin-left: 50px !important;}&#8221;][vc_column_text css=&#8221;&#8221;] Mar\u00eda Celia Guerra Medina Coordenadora[\/vc_column_text][\/vc_column][vc_column width=&#8221;3\/4&#8243;][vc_column_text css=&#8221;&#8221;]&nbsp; M\u00e9dica, especialista em Sa\u00fade P\u00fablica, p\u00f3s-graduada em Epidemiologia, ex- professora em sa\u00fade p\u00fablica na Universidade de Mogi das Cruzes, participou da funda\u00e7\u00e3o do CEBES (Centro Brasileiro de Estudos [&hellip;]<\/p>\n","protected":false},"author":1,"featured_media":0,"parent":0,"menu_order":0,"comment_status":"closed","ping_status":"closed","template":"","meta":{"footnotes":""},"_links":{"self":[{"href":"https:\/\/abrabrics.org\/site\/wp-json\/wp\/v2\/pages\/376"}],"collection":[{"href":"https:\/\/abrabrics.org\/site\/wp-json\/wp\/v2\/pages"}],"about":[{"href":"https:\/\/abrabrics.org\/site\/wp-json\/wp\/v2\/types\/page"}],"author":[{"embeddable":true,"href":"https:\/\/abrabrics.org\/site\/wp-json\/wp\/v2\/users\/1"}],"replies":[{"embeddable":true,"href":"https:\/\/abrabrics.org\/site\/wp-json\/wp\/v2\/comments?post=376"}],"version-history":[{"count":4,"href":"https:\/\/abrabrics.org\/site\/wp-json\/wp\/v2\/pages\/376\/revisions"}],"predecessor-version":[{"id":544,"href":"https:\/\/abrabrics.org\/site\/wp-json\/wp\/v2\/pages\/376\/revisions\/544"}],"wp:attachment":[{"href":"https:\/\/abrabrics.org\/site\/wp-json\/wp\/v2\/media?parent=376"}],"curies":[{"name":"wp","href":"https:\/\/api.w.org\/{rel}","templated":true}]}}