{"id":378,"date":"2025-09-09T14:01:15","date_gmt":"2025-09-09T14:01:15","guid":{"rendered":"https:\/\/abrabrics.org\/site\/?page_id=378"},"modified":"2025-09-19T11:53:02","modified_gmt":"2025-09-19T11:53:02","slug":"educacao","status":"publish","type":"page","link":"https:\/\/abrabrics.org\/site\/educacao\/","title":{"rendered":"Educa\u00e7\u00e3o"},"content":{"rendered":"<div class=\"wpb-content-wrapper\"><p>[vc_row][vc_column][vc_column_text css=&#8221;&#8221;]<\/p>\n<h2 class=\"wp-block-heading\" style=\"text-align: left;\">Grupo de trabalho Educa\u00e7\u00e3o<\/h2>\n<p>[\/vc_column_text][\/vc_column][\/vc_row][vc_row][vc_column width=&#8221;1\/4&#8243;][vc_single_image image=&#8221;490&#8243; img_size=&#8221;full&#8221; alignment=&#8221;center&#8221; style=&#8221;vc_box_circle_2&#8243; css=&#8221;.vc_custom_1758115593704{margin-right: 50px !important;margin-bottom: 0px !important;margin-left: 50px !important;}&#8221;][vc_column_text css=&#8221;&#8221;]<\/p>\n<p style=\"text-align: center;\"><strong>Andr\u00e9a Barbosa Gouveia<br \/>\n<\/strong>Coordenadora[\/vc_column_text][\/vc_column][vc_column width=&#8221;3\/4&#8243;][vc_column_text css=&#8221;&#8221;]<\/p>\n<p style=\"text-align: justify;\">Graduada em Pedagogia pela Universidade Federal do Paran\u00e1 (1995), mestrado (2002) e doutorado (2008) em Educa\u00e7\u00e3o pela Universidade de S\u00e3o Paulo, Faculdade de Educa\u00e7\u00e3o, na \u00e1rea de concentra\u00e7\u00e3o Estado, Sociedade e Educa\u00e7\u00e3o. Em 2020 esteve em est\u00e1gio de p\u00f3s-doutorado na Universidade do Estado do Arizona\/ Mary Lou Fulton Teachers College\/ Center for Advanced Studies in Global Education. \u00c9 professora titular da Universidade Federal do Paran\u00e1 onde atua no N\u00facleo de pesquisa em Pol\u00edticas Educacionais (NUPE). Est\u00e1 credenciada no Programa de P\u00f3s Gradua\u00e7\u00e3o em Educa\u00e7\u00e3o da UFPR na linha de pesquisa em Pol\u00edticas Educacionais. Foi coordenadora do Grupo de Trabalho Estado e Educa\u00e7\u00e3o da ANPED no per\u00edodo de 2010-2012, vice-presidente Sul da diretoria da ANPED na gest\u00e3o 2013-2015, foi presidente da ANPED nas gest\u00f5es 2015-2017 e gest\u00e3o 2017-2019. Foi representante da ANPED na gest\u00e3o colegiada do FCHSSALLA no per\u00edodo de 2022 a 2024. Atualmente comp\u00f5e a gest\u00e3o nacional da ANPAE na diretoria de Gest\u00e3o e Financiamento. Participou de duas edi\u00e7\u00f5es de debate do F\u00f3rum Civil dos BRICS no GT de Educa\u00e7\u00e3o.<\/p>\n<p>[\/vc_column_text][vc_separator style=&#8221;shadow&#8221; css=&#8221;&#8221;][\/vc_column][\/vc_row][vc_row][vc_column width=&#8221;1\/4&#8243;][vc_single_image image=&#8221;511&#8243; img_size=&#8221;full&#8221; alignment=&#8221;center&#8221; style=&#8221;vc_box_circle_2&#8243; css=&#8221;.vc_custom_1758282770715{margin-right: 50px !important;margin-bottom: 0px !important;margin-left: 50px !important;}&#8221;][vc_column_text css=&#8221;&#8221;]<\/p>\n<p style=\"text-align: center;\"><strong>Geovana Mendon\u00e7a Lunardi Mendes<br \/>\n<\/strong>Coordenadora[\/vc_column_text][\/vc_column][vc_column width=&#8221;3\/4&#8243;][vc_column_text css=&#8221;&#8221;]<\/p>\n<p style=\"text-align: justify;\">Boslsita produtividade em pesquisa do CNPq. \u00c9 atualmente Vice-presidente da WERA, World Education Research Association e Vice-Presidente da Alie, Associa\u00e7\u00e3o Latino Americana de Investiga\u00e7\u00e3o Educativa. \u00c9 membro do CTC de Educa\u00e7\u00e3o B\u00e1sica da CAPES(Agosto de 2023). \u00c9 membro do F\u00f3rum Nacional de Educa\u00e7\u00e3o. Foi presidente da Associa\u00e7\u00e3o Nacional de Pesquisa e P\u00f3s-gradua\u00e7\u00e3o em Educa\u00e7\u00e3o(ANPEd) por dois mandatos. Foi duas vezes coordenadora do PPGE da UDESC. Foi Coordenadora da Comiss\u00e3o de Sistematiza\u00e7\u00e3o do F\u00f3rum Nacional de Educa\u00e7\u00e3o, organizador da CONAE 2024. Realizou seu segundo p\u00f3s-doutorado(2018\/2019) na Arizona State University, Estados Unidos, sob a supervis\u00e3o do Prof.Dr. Gustavo Fischmann, com licen\u00e7a da UDESC e bolsa de P\u00f3s-doutorado no Exterior do CNPq. Possui gradua\u00e7\u00e3o em Pedagogia Educa\u00e7\u00e3o Especial pela Universidade Federal de Santa Catarina (1994), mestrado em Educa\u00e7\u00e3o pela Universidade Federal de Santa Catarina (2000), doutorado em Educa\u00e7\u00e3o: Hist\u00f3ria, Pol\u00edtica, Sociedade pela Pontif\u00edcia Universidade Cat\u00f3lica de S\u00e3o Paulo (2005) com est\u00e1gio de doutoramento no exterior em Curr\u00edculo e Tecnologias na Universidade do Minho em Portugal. Realizou P\u00f3s-Doutorado na Argentina e nos Estados Unidos da Am\u00e9rica, na \u00e1rea de Curr\u00edculo e Novas Tecnologias, na Universidad de San Andres em Buenos Aires e em Ashland University, em Ohio, com bolsa Capes durante 2010 e 2011. \u00c9 Professora Titular do quadro permanente da Universidade do Estado de Santa Catarina, UDESC, atuando no Centro de Ci\u00eancias da Educa\u00e7\u00e3o, no curso de Pedagogia e no curso de Mestrado e Doutorado do Programa de P\u00f3s-gradua\u00e7\u00e3o em Educa\u00e7\u00e3o, na linha de pesquisa Curr\u00edculo, Diferen\u00e7a e Educa\u00e7\u00e3o Inclusiva . \u00c9 pesquisadora coordenadora de diferentes projetos de investiga\u00e7\u00e3o e participa como pesquisadora convidada em projetos de pesquisa nacionais e internacionais. Suas pesquisas e produ\u00e7\u00f5es t\u00eam sido voltadas para \u00e1rea de Pol\u00edticas Educacionais, Curr\u00edculo e Educa\u00e7\u00e3o Especial. Em 2012, 2014, 2016 e 2018 atuou como professora convidada na Universidade de Boras, Su\u00e9cia, no \u00e2mbito do Projeto de Interc\u00e2mbio Linnaues &#8211; Palm. Em 2015 esteve tr\u00eas meses como Pesquisador Visitante no College of Wooster, em Ohio, Estados Unidos. Coordenou de 2010 a 2014 o Cons\u00f3rcio &#8220;Educa\u00e7\u00e3o e Diversidade&#8221; do programa CAPES\/FIPSE de Coopera\u00e7\u00e3o Internacional, envolvendo a Universidade Federal Rural do Rio de Janeiro, no Brasil e Georgetown College, Ashland University e Brighman Young University nos Estados Unidos. Coordenou tamb\u00e9m a parte brasileira de dois projetos da Organiza\u00e7\u00e3o dos Estados Iberoamericanos &#8211; OEI, sendo consultora do Projeto PASEM &#8211; projeto da Uni\u00e3o Europ\u00e9ia. Coordenou o Programa de P\u00f3s-gradua\u00e7\u00e3o em Educa\u00e7\u00e3o, Mestrado e Doutorado, da FAED, UDESC de 2012 a 2016. \u00c9 a representante institucional da ANPED na WERA &#8211; World Education Research Association, fazendo parte do WERA Council. \u00c9 membro individual e do Conselho Cient\u00edfico da INASED &#8211; Internacional Association of Educators. \u00c9 membro do Conselho Cient\u00edfico do Centre for the Study of Resiliente in University of Pretoria, Africa do Sul.Foi editora associada e comp\u00f5em a comiss\u00e3o editorial de diferentes peri\u00f3dicos nacionais e internacionais.<\/p>\n<p>[\/vc_column_text][vc_separator style=&#8221;shadow&#8221; css=&#8221;&#8221;][\/vc_column][\/vc_row]<\/p>\n<\/div>","protected":false},"excerpt":{"rendered":"<p>[vc_row][vc_column][vc_column_text css=&#8221;&#8221;] Grupo de trabalho Educa\u00e7\u00e3o [\/vc_column_text][\/vc_column][\/vc_row][vc_row][vc_column width=&#8221;1\/4&#8243;][vc_single_image image=&#8221;490&#8243; img_size=&#8221;full&#8221; alignment=&#8221;center&#8221; style=&#8221;vc_box_circle_2&#8243; css=&#8221;.vc_custom_1758115593704{margin-right: 50px !important;margin-bottom: 0px !important;margin-left: 50px !important;}&#8221;][vc_column_text css=&#8221;&#8221;] Andr\u00e9a Barbosa Gouveia Coordenadora[\/vc_column_text][\/vc_column][vc_column width=&#8221;3\/4&#8243;][vc_column_text css=&#8221;&#8221;] Graduada em Pedagogia pela Universidade Federal do Paran\u00e1 (1995), mestrado (2002) e doutorado (2008) em Educa\u00e7\u00e3o pela Universidade de S\u00e3o Paulo, Faculdade de Educa\u00e7\u00e3o, na \u00e1rea de concentra\u00e7\u00e3o Estado, [&hellip;]<\/p>\n","protected":false},"author":1,"featured_media":0,"parent":0,"menu_order":0,"comment_status":"closed","ping_status":"closed","template":"","meta":{"footnotes":""},"_links":{"self":[{"href":"https:\/\/abrabrics.org\/site\/wp-json\/wp\/v2\/pages\/378"}],"collection":[{"href":"https:\/\/abrabrics.org\/site\/wp-json\/wp\/v2\/pages"}],"about":[{"href":"https:\/\/abrabrics.org\/site\/wp-json\/wp\/v2\/types\/page"}],"author":[{"embeddable":true,"href":"https:\/\/abrabrics.org\/site\/wp-json\/wp\/v2\/users\/1"}],"replies":[{"embeddable":true,"href":"https:\/\/abrabrics.org\/site\/wp-json\/wp\/v2\/comments?post=378"}],"version-history":[{"count":9,"href":"https:\/\/abrabrics.org\/site\/wp-json\/wp\/v2\/pages\/378\/revisions"}],"predecessor-version":[{"id":512,"href":"https:\/\/abrabrics.org\/site\/wp-json\/wp\/v2\/pages\/378\/revisions\/512"}],"wp:attachment":[{"href":"https:\/\/abrabrics.org\/site\/wp-json\/wp\/v2\/media?parent=378"}],"curies":[{"name":"wp","href":"https:\/\/api.w.org\/{rel}","templated":true}]}}