{"id":380,"date":"2025-09-09T14:01:58","date_gmt":"2025-09-09T14:01:58","guid":{"rendered":"https:\/\/abrabrics.org\/site\/?page_id=380"},"modified":"2025-10-09T20:10:26","modified_gmt":"2025-10-09T20:10:26","slug":"ecologia-e-desenvolvimento-sustentavel","status":"publish","type":"page","link":"https:\/\/abrabrics.org\/site\/ecologia-e-desenvolvimento-sustentavel\/","title":{"rendered":"Ecologia e Desenvolvimento sustent\u00e1vel"},"content":{"rendered":"<div class=\"wpb-content-wrapper\"><p>[vc_row][vc_column][vc_column_text css=&#8221;&#8221;]<\/p>\n<h2 class=\"wp-block-heading\">Grupo de trabalho Ecologia e Desenvolvimento sustent\u00e1vel<\/h2>\n<p>[\/vc_column_text][\/vc_column][\/vc_row][vc_row][vc_column width=&#8221;1\/4&#8243;][vc_single_image image=&#8221;574&#8243; img_size=&#8221;full&#8221; alignment=&#8221;center&#8221; style=&#8221;vc_box_circle_2&#8243; css=&#8221;.vc_custom_1760040602438{margin-right: 50px !important;margin-bottom: 0px !important;margin-left: 50px !important;}&#8221;][vc_column_text css=&#8221;&#8221;]<\/p>\n<p style=\"text-align: center;\"><strong>Marina Paula Oliveira<br \/>\n<\/strong>Coordenadora<\/p>\n<p>[\/vc_column_text][\/vc_column][vc_column width=&#8221;3\/4&#8243;][vc_column_text css=&#8221;&#8221;]Professora Substituta do curso de Gradua\u00e7\u00e3o em Rela\u00e7\u00f5es Internacionais da PUC-Minas. Doutoranda e Mestre em Rela\u00e7\u00f5es Internacionais pela Pontif\u00edcia Universidade Cat\u00f3lica de Minas Gerais (2022). Possui gradua\u00e7\u00e3o em Rela\u00e7\u00f5es Internacionais (PUC-MG). Atua como Assessora da Comiss\u00e3o dos Bispos da Uni\u00e3o Europeia (COMECE). Experi\u00eancia com articula\u00e7\u00e3o comunit\u00e1ria dos atingidos pelo rompimento da barragem da Vale, em Brumadinho. Experi\u00eancia de est\u00e1gio internacional na Assessoria de Rela\u00e7\u00f5es Internacionais da Universidade do Porto (Portugal) em 2017 e na UNESCO\/Comit\u00ea do Programa de Informa\u00e7\u00e3o para todos (Moscou\/R\u00fassia) em 2016. Experi\u00eancia e interesse nas \u00e1reas de Compet\u00eancias Interculturais para media\u00e7\u00e3o de conflitos, Antropologia, Sociologia com \u00eanfase em Sustentabilidade Ambiental, mobiliza\u00e7\u00e3o social, vulnerabilidade social, equidade de g\u00eanero, mem\u00f3ria social, desenvolvimento territorial e gest\u00e3o de projetos sociais. \u00c9 defensora dos direitos humanos e da natureza e participou de confer\u00eancias internacionais em v\u00e1rios pa\u00edses, como R\u00fassia, Espanha, Alemanha, It\u00e1lia, Su\u00ed\u00e7a, B\u00e9lgica, \u00c1ustria, Fran\u00e7a, Inglaterra, Chile e M\u00e9xico.[\/vc_column_text][vc_separator style=&#8221;shadow&#8221; css=&#8221;&#8221;][\/vc_column][\/vc_row][vc_row][vc_column width=&#8221;1\/4&#8243;][vc_single_image image=&#8221;570&#8243; img_size=&#8221;full&#8221; alignment=&#8221;center&#8221; style=&#8221;vc_box_circle_2&#8243; css=&#8221;.vc_custom_1760037450710{margin-right: 50px !important;margin-bottom: 0px !important;margin-left: 50px !important;}&#8221;][vc_column_text css=&#8221;&#8221;]<\/p>\n<p style=\"text-align: center;\"><strong>Lucas Kerr Oliveira<br \/>\n<\/strong>Coordenador[\/vc_column_text][\/vc_column][vc_column width=&#8221;3\/4&#8243;][vc_column_text css=&#8221;&#8221;]Professor na Universidade Federal da Integra\u00e7\u00e3o Latino-Americana (UNILA), onde atua como Docente de Ensino Superior e Pesquisador no Programa de P\u00f3s-Gradua\u00e7\u00e3o em Integra\u00e7\u00e3o Contempor\u00e2nea na Am\u00e9rica Latina (PPG-ICAL) e no Bacharelado em Rela\u00e7\u00f5es Internacionais e Integra\u00e7\u00e3o (RII). Doutor em Ci\u00eancia Pol\u00edtica e Mestre em Rela\u00e7\u00f5es Internacionais pela Universidade Federal do Rio Grande do Sul (UFRGS). Atualmente \u00e9 coordenador do N\u00facleo de Estudos Estrat\u00e9gicos, Geopol\u00edtica e Integra\u00e7\u00e3o Regional (NEEGI), Coordenador do Observat\u00f3rio da Geopol\u00edtica Energ\u00e9tica (OLAGE) e Coordenador Adjunto do Observat\u00f3rio dos BRICS e das Rela\u00e7\u00f5es Sul-Sul. Pesquisa nas \u00e1reas de Pol\u00edtica Internacional, Geopol\u00edtica, Seguran\u00e7a Internacional, Integra\u00e7\u00e3o Regional, Estudos Estrat\u00e9gicos, Prospec\u00e7\u00e3o de Cen\u00e1rios, Coopera\u00e7\u00e3o Sul-Sul e Coopera\u00e7\u00e3o T\u00e9cnica Internacional, com foco no papel da Energia na Pol\u00edtica Internacional, na Estrat\u00e9gia das grandes pot\u00eancias e na Estrat\u00e9gia dos pa\u00edses do grupo BRICS.[\/vc_column_text][vc_separator style=&#8221;shadow&#8221; css=&#8221;&#8221;][\/vc_column][\/vc_row]<\/p>\n<\/div>","protected":false},"excerpt":{"rendered":"<p>[vc_row][vc_column][vc_column_text css=&#8221;&#8221;] Grupo de trabalho Ecologia e Desenvolvimento sustent\u00e1vel [\/vc_column_text][\/vc_column][\/vc_row][vc_row][vc_column width=&#8221;1\/4&#8243;][vc_single_image image=&#8221;574&#8243; img_size=&#8221;full&#8221; alignment=&#8221;center&#8221; style=&#8221;vc_box_circle_2&#8243; css=&#8221;.vc_custom_1760040602438{margin-right: 50px !important;margin-bottom: 0px !important;margin-left: 50px !important;}&#8221;][vc_column_text css=&#8221;&#8221;] Marina Paula Oliveira Coordenadora [\/vc_column_text][\/vc_column][vc_column width=&#8221;3\/4&#8243;][vc_column_text css=&#8221;&#8221;]Professora Substituta do curso de Gradua\u00e7\u00e3o em Rela\u00e7\u00f5es Internacionais da PUC-Minas. Doutoranda e Mestre em Rela\u00e7\u00f5es Internacionais pela Pontif\u00edcia Universidade Cat\u00f3lica de Minas Gerais (2022). Possui [&hellip;]<\/p>\n","protected":false},"author":1,"featured_media":0,"parent":0,"menu_order":0,"comment_status":"closed","ping_status":"closed","template":"","meta":{"footnotes":""},"_links":{"self":[{"href":"https:\/\/abrabrics.org\/site\/wp-json\/wp\/v2\/pages\/380"}],"collection":[{"href":"https:\/\/abrabrics.org\/site\/wp-json\/wp\/v2\/pages"}],"about":[{"href":"https:\/\/abrabrics.org\/site\/wp-json\/wp\/v2\/types\/page"}],"author":[{"embeddable":true,"href":"https:\/\/abrabrics.org\/site\/wp-json\/wp\/v2\/users\/1"}],"replies":[{"embeddable":true,"href":"https:\/\/abrabrics.org\/site\/wp-json\/wp\/v2\/comments?post=380"}],"version-history":[{"count":5,"href":"https:\/\/abrabrics.org\/site\/wp-json\/wp\/v2\/pages\/380\/revisions"}],"predecessor-version":[{"id":575,"href":"https:\/\/abrabrics.org\/site\/wp-json\/wp\/v2\/pages\/380\/revisions\/575"}],"wp:attachment":[{"href":"https:\/\/abrabrics.org\/site\/wp-json\/wp\/v2\/media?parent=380"}],"curies":[{"name":"wp","href":"https:\/\/api.w.org\/{rel}","templated":true}]}}