{"id":382,"date":"2025-09-09T14:02:41","date_gmt":"2025-09-09T14:02:41","guid":{"rendered":"https:\/\/abrabrics.org\/site\/?page_id=382"},"modified":"2025-11-21T12:31:01","modified_gmt":"2025-11-21T12:31:01","slug":"cultura","status":"publish","type":"page","link":"https:\/\/abrabrics.org\/site\/cultura\/","title":{"rendered":"Cultura e Artes"},"content":{"rendered":"<div class=\"wpb-content-wrapper\"><p>[vc_row][vc_column][vc_column_text css=&#8221;&#8221;]<\/p>\n<h2 class=\"wp-block-heading\" style=\"text-align: left;\">Grupo de trabalho Cultura e Artes<\/h2>\n<p>[\/vc_column_text][\/vc_column][\/vc_row][vc_row][vc_column width=&#8221;1\/4&#8243;][vc_single_image image=&#8221;590&#8243; img_size=&#8221;full&#8221; alignment=&#8221;center&#8221; style=&#8221;vc_box_circle_2&#8243; css=&#8221;.vc_custom_1763728253545{margin-right: 50px !important;margin-bottom: 0px !important;margin-left: 50px !important;}&#8221;][vc_column_text css=&#8221;&#8221;]<\/p>\n<p style=\"text-align: center;\"><strong>Fernando Mascarello<br \/>\n<\/strong>Coordenador<\/p>\n<p>[\/vc_column_text][\/vc_column][vc_column width=&#8221;3\/4&#8243;][vc_column_text css=&#8221;&#8221;]<\/p>\n<p style=\"text-align: justify;\">Pesquisador e professor com atua\u00e7\u00e3o nas \u00e1reas de Teoria do Cinema, Hist\u00f3ria do Cinema, Rela\u00e7\u00f5es Internacionais e Cinema, Recep\u00e7\u00e3o Cinematogr\u00e1fica e Audiovisual, Estudos Culturais e Cinema, Estudos de Hollywood, Cinema Ga\u00facho, An\u00e1lise F\u00edlmica, Cr\u00edtica Cinematogr\u00e1fica, G\u00eanero e Sexualidade e Psican\u00e1lise. Seu livro \u201cHist\u00f3ria do Cinema Mundial\u201d (Papirus, 2006, em 7a. edi\u00e7\u00e3o) \u00e9 adotado na maior parte dos cursos de gradua\u00e7\u00e3o em Cinema e Audiovisual do pa\u00eds. \u00c9 doutor em Ci\u00eancias da Comunica\u00e7\u00e3o (Cinema) pela USP &#8211; Universidade de S\u00e3o Paulo (2004), mestre em Psican\u00e1lise &#8211; Cl\u00ednica e Cultura pela UFRGS (2020), mestre em Comunica\u00e7\u00e3o pela PUCRS (1999) e doutorando em Estudos Estrat\u00e9gicos Internacionais pelo PPGEEI\/UFRGS. Pesquisador com diversos trabalhos apresentados em congressos internacionais, como os da Society for Cinema and Media Studies (SCMS), tem tamb\u00e9m forte atua\u00e7\u00e3o na Sociedade Brasileira de Estudos de Cinema e Audiovisual (SOCINE), da qual foi membro do Conselho Deliberativo de 1999 a 2009, al\u00e9m de criador e coordenador dos Semin\u00e1rios Tem\u00e1ticos \u201cInd\u00fastria e Recep\u00e7\u00e3o Cinematogr\u00e1fica e Audiovisual\u201d (2009 a 2011) e \u201cRecep\u00e7\u00e3o Cinematogr\u00e1fica e Audiovisual\u201d (2012 a 2014). Foi coordenador, no per\u00edodo de 2004 a 2006, e coordenador-adjunto, de 2006 a 2010, do curso de Realiza\u00e7\u00e3o Audiovisual (&#8220;Cinema&#8221;) da Universidade do Vale do Rio dos Sinos (Unisinos), onde, entre 2007 e 2011, tamb\u00e9m coordenou o curso de Especializa\u00e7\u00e3o em Cinema, e atuou, entre 2003 e 2022, como professor respons\u00e1vel pelas disciplinas Hist\u00f3ria do Cinema Internacional e Teoria do Cinema do curso de Realiza\u00e7\u00e3o Audiovisual. Como cr\u00edtico de cinema, foi respons\u00e1vel pela cria\u00e7\u00e3o da revista Teorema &#8211; Cr\u00edtica de Cinema, de Porto Alegre, da qual foi editor entre os anos de 2002 e 2007.<\/p>\n<p>[\/vc_column_text][vc_separator style=&#8221;shadow&#8221; css=&#8221;&#8221;][\/vc_column][\/vc_row][vc_row][vc_column width=&#8221;1\/4&#8243;][vc_single_image image=&#8221;465&#8243; img_size=&#8221;full&#8221; alignment=&#8221;center&#8221; style=&#8221;vc_box_circle_2&#8243; css=&#8221;.vc_custom_1757707801476{margin-right: 50px !important;margin-bottom: 0px !important;margin-left: 50px !important;}&#8221;][vc_column_text css=&#8221;&#8221;]<\/p>\n<p style=\"text-align: center;\"><strong>Rita Matos Coitinho<br \/>\n<\/strong>Coordenadora[\/vc_column_text][\/vc_column][vc_column width=&#8221;3\/4&#8243;][vc_column_text css=&#8221;&#8221;]<\/p>\n<p style=\"text-align: justify;\">Cientista Social, mestra em Sociologia (UnB, 2007), Dra. em Geografia (UFSC, 2018) e doutoranda em Sociologia Pol\u00edtica (UFSC\/atual). Tem experi\u00eancia na \u00e1rea de artes e patrim\u00f4nio; \u00e9 diretora de um museu de arte p\u00fablico (Museu Victor Meirelles) e servidora no Instituto Brasileiro de Museus. \u00c9 colaboradora no INEU\/OPEU (Observat\u00f3rio de Pol\u00edtica Externa dos EUA) e no ICHIN (Instituto de estudos e coopera\u00e7\u00e3o UFSC\/China). Atualmente integra o cap\u00edtulo brasileiro do Conselho Civil dos BRICS representando o Cebrapaz e o conselho consultivo da &#8220;BRICS arts association&#8221; (<a href=\"https:\/\/bricsarts.com\" target=\"_blank\" rel=\"noopener\">bricsarts.com<\/a>).<\/p>\n<p>[\/vc_column_text][vc_separator style=&#8221;shadow&#8221; css=&#8221;&#8221;][vc_empty_space height=&#8221;200px&#8221;][\/vc_column][\/vc_row]<\/p>\n<\/div>","protected":false},"excerpt":{"rendered":"<p>[vc_row][vc_column][vc_column_text css=&#8221;&#8221;] Grupo de trabalho Cultura e Artes [\/vc_column_text][\/vc_column][\/vc_row][vc_row][vc_column width=&#8221;1\/4&#8243;][vc_single_image image=&#8221;590&#8243; img_size=&#8221;full&#8221; alignment=&#8221;center&#8221; style=&#8221;vc_box_circle_2&#8243; css=&#8221;.vc_custom_1763728253545{margin-right: 50px !important;margin-bottom: 0px !important;margin-left: 50px !important;}&#8221;][vc_column_text css=&#8221;&#8221;] Fernando Mascarello Coordenador [\/vc_column_text][\/vc_column][vc_column width=&#8221;3\/4&#8243;][vc_column_text css=&#8221;&#8221;] Pesquisador e professor com atua\u00e7\u00e3o nas \u00e1reas de Teoria do Cinema, Hist\u00f3ria do Cinema, Rela\u00e7\u00f5es Internacionais e Cinema, Recep\u00e7\u00e3o Cinematogr\u00e1fica e Audiovisual, Estudos Culturais e Cinema, Estudos [&hellip;]<\/p>\n","protected":false},"author":1,"featured_media":0,"parent":0,"menu_order":0,"comment_status":"closed","ping_status":"closed","template":"","meta":{"footnotes":""},"_links":{"self":[{"href":"https:\/\/abrabrics.org\/site\/wp-json\/wp\/v2\/pages\/382"}],"collection":[{"href":"https:\/\/abrabrics.org\/site\/wp-json\/wp\/v2\/pages"}],"about":[{"href":"https:\/\/abrabrics.org\/site\/wp-json\/wp\/v2\/types\/page"}],"author":[{"embeddable":true,"href":"https:\/\/abrabrics.org\/site\/wp-json\/wp\/v2\/users\/1"}],"replies":[{"embeddable":true,"href":"https:\/\/abrabrics.org\/site\/wp-json\/wp\/v2\/comments?post=382"}],"version-history":[{"count":6,"href":"https:\/\/abrabrics.org\/site\/wp-json\/wp\/v2\/pages\/382\/revisions"}],"predecessor-version":[{"id":591,"href":"https:\/\/abrabrics.org\/site\/wp-json\/wp\/v2\/pages\/382\/revisions\/591"}],"wp:attachment":[{"href":"https:\/\/abrabrics.org\/site\/wp-json\/wp\/v2\/media?parent=382"}],"curies":[{"name":"wp","href":"https:\/\/api.w.org\/{rel}","templated":true}]}}