{"id":384,"date":"2025-09-09T14:03:02","date_gmt":"2025-09-09T14:03:02","guid":{"rendered":"https:\/\/abrabrics.org\/site\/?page_id=384"},"modified":"2025-11-17T17:54:49","modified_gmt":"2025-11-17T17:54:49","slug":"esportes","status":"publish","type":"page","link":"https:\/\/abrabrics.org\/site\/esportes\/","title":{"rendered":"Esportes"},"content":{"rendered":"<div class=\"wpb-content-wrapper\"><p>[vc_row][vc_column][vc_column_text css=&#8221;&#8221;]<\/p>\n<h2 class=\"wp-block-heading\" style=\"text-align: left;\">Grupo de trabalho Esportes<\/h2>\n<p>[\/vc_column_text][\/vc_column][\/vc_row][vc_row][vc_column width=&#8221;1\/4&#8243;][vc_single_image image=&#8221;587&#8243; img_size=&#8221;full&#8221; alignment=&#8221;center&#8221; style=&#8221;vc_box_circle_2&#8243; css=&#8221;.vc_custom_1763402003677{margin-right: 50px !important;margin-bottom: 0px !important;margin-left: 50px !important;}&#8221;][vc_column_text css=&#8221;&#8221;]<\/p>\n<p style=\"text-align: center;\"><strong>Emanuel Leite Junior<br \/><\/strong>Coordenador<\/p>\n<p>[\/vc_column_text][\/vc_column][vc_column width=&#8221;3\/4&#8243;][vc_column_text css=&#8221;&#8221;]<\/p>\n<p>Pesquisador Associado da Faculdade Internacional de Futebol da Universidade Tongji, China. Possui doutorado em Pol\u00edticas P\u00fablicas pela Universidade de Aveiro, Portugal, com foco na pol\u00edtica, economia pol\u00edtica e implica\u00e7\u00f5es geopol\u00edticas do futebol na China. Foi pesquisador de p\u00f3s-doutorado em Estudos Chineses no Departamento de L\u00ednguas e Culturas da Universidade de Aveiro, Portugal. Anteriormente, foi pesquisador do Centro de Estudos Asi\u00e1ticos do Departamento de Ci\u00eancias Sociais, Pol\u00edticas e Territoriais (DCSPT-UA). Bacharel em Direito pela Universidade Cat\u00f3lica de Pernambuco e Bacharel em Comunica\u00e7\u00e3o Social \u2013 Jornalismo \u2013 pelo Centro Universit\u00e1rio Maur\u00edcio de Nassau.<\/p>\n<p>Coautor do livro \u201cChina, Football and Development: Socialism and Soft Power\u201d (Routledge, ISBN 9781032511160). Autor dos livros &#8220;A Hist\u00f3ria do Futebol na Uni\u00e3o Sovi\u00e9tica&#8221; (2018, ISBN: 978-85-5996-774-6) e &#8220;Direitos de Receita de TV no Campeonato Brasileiro: Apartheid no Futebol e o Risco da Espanholiza\u00e7\u00e3o&#8221; (2015, ISBN: 978-85-8165-341-9). Autor de artigos publicados em diversos peri\u00f3dicos, como &#8220;The International Journal of the History of Sport&#8221;, (Taylor &amp; Francis Group, Reino Unido), &#8220;Sport in Society&#8221; (Taylor &amp; Francis Group, Reino Unido), &#8220;Revista Movimento&#8221; (UFRGS, Brasil), &#8220;Sports, Business and Management: an international newspaper&#8221; (Emerald Insight, Reino Unido), Revista Brasileira de Ci\u00eancias do Esporte (RBCE, Brasil), Estudos Internacionais (PUC-Minas, Brasil), &#8220;Revista Turismo &amp; Desenvolvimento&#8221; (Portugal), &#8220;HOLOS Magazine&#8221; (IFRN, Brasil), FuLiA UFMG (Brasil) e Mosaico (FGV, Brasil).<\/p>\n<p>Autor do cap\u00edtulo \u201cGlobalisation with Chinese characteristics: the case of Stadium Diplomacy\u201d no livro The Palgrave Handbook on China-Europe-Africa Relations: Legacies and New International Order&#8221; (Palgrave Macmillan, 2024, https:\/\/doi.org\/10.1007\/978-981-97-5640-7_21); cap\u00edtulo &#8220;Belt, Road and Ball: football as a Chinese soft power and public diplomacy tool&#8221; no livro &#8220;The Belt and Road Initiative &#8211; International Perspectives on an Old Archetype of a New Development Model&#8221; (Palgrave Macmillan, 2020, ISBN: 978-981-15-2563-6); al\u00e9m de dois cap\u00edtulos no livro &#8220;Clube empresa: abordagens cr\u00edticas globais \u00e0s sociedades an\u00f4nimas no futebol&#8221; (Rio de Janeiro: Corner, 2020, ISBN: 978-65-990834-2-6).<\/p>\n<p>Organiza\u00e7\u00e3o de eventos acad\u00eamicos:<br \/>\u2022 Membro da comiss\u00e3o organizadora da Segunda Confer\u00eancia Internacional do Grupo PSA Sport &amp; Politics &#8211; \u201cDesporto, Poder e Pol\u00edtica: Desafios numa estrutura global em mudan\u00e7a\u201d, Universidade de Aveiro, Portugal (junho de 2022).<br \/>\u2022 Organiza\u00e7\u00e3o do semin\u00e1rio internacional online \u201cDuplo Centen\u00e1rio e globaliza\u00e7\u00e3o com caracter\u00edsticas chinesas: a geopol\u00edtica global em transforma\u00e7\u00e3o\u201d, promovido pelo CEA-DCSPT\/UA, transmitido no canal YouTube do CEA-DCSPT\/UA (julho de 2021).<br \/>\u2022 Organiza\u00e7\u00e3o do semin\u00e1rio internacional online \u201cO 14\u00ba Plano Quinquenal da China sob a perspectiva da Am\u00e9rica Latina e Uni\u00e3o Europeia\u201d, promovido pelo CEA-DCSPT\/UA, transmitido no canal YouTube do CEA-DCSPT\/UA (abril de 2021).<br \/>\u2022 Organiza\u00e7\u00e3o do semin\u00e1rio internacional online \u201cChina e soft power: perpectivas sino-lus\u00f3fonas\u201d, promovido pelo CEA-DCSPT\/UA, e pelo Centro de Estudos sobre a China da Universidade do Estado do Rio de Janeiro (UERJ), em parceria com o canal YouTube Radar China (janeiro de 2021).<br \/>\u2022 Organiza\u00e7\u00e3o do semin\u00e1rio\/debate \u201c130 anos de Rep\u00fablica: para onde vai o Brasil?\u201d, promovido pelo GOVCOPP e pela Associa\u00e7\u00e3o de Brasileiros da Universidade de Aveiro (ABRA), Universidade de Aveiro, Portugal (dezembro de 2019).<br \/>\u2022 Organiza\u00e7\u00e3o do semin\u00e1rio internacional II Semin\u00e1rio SP3 \u201cDesporto, sociedade e cultura: perspectivas multidisciplinares\u201d, Universidade de Aveiro, Portugal (novembro de 2019).<br \/>\u2022 Organiza\u00e7\u00e3o do semin\u00e1rio internacional \u201cRep\u00fablica Popular da China 70 anos: transformando o futuro (global?)\u201d, Universidade de Aveiro, Portugal (novembro de 2019).<br \/>\u2022 Organiza\u00e7\u00e3o do semin\u00e1rio internacional I SP3 \u201cEsporte, Poder e Cultura: uma abordagem contempor\u00e2nea\u201d, Universidade de Aveiro, Portugal (maio de 2019).<br \/>\u2022 \u200b\u200bMembro da comiss\u00e3o organizadora da confer\u00eancia internacional \u201cEsporte em um Mundo M\u00f3vel: Identidade, Cultura e Pol\u00edtica\u201d, Universidade de Aveiro, Portugal (junho de 2018).<\/p>\n<p>Atividade pol\u00edtica:<br \/>\u2022 Militante do Partido Comunista do Brasil (PCdoB).<\/p>\n<p>[\/vc_column_text][vc_separator style=&#8221;shadow&#8221; css=&#8221;&#8221;][\/vc_column][\/vc_row]<\/p>\n<\/div>","protected":false},"excerpt":{"rendered":"<p>[vc_row][vc_column][vc_column_text css=&#8221;&#8221;] Grupo de trabalho Esportes [\/vc_column_text][\/vc_column][\/vc_row][vc_row][vc_column width=&#8221;1\/4&#8243;][vc_single_image image=&#8221;587&#8243; img_size=&#8221;full&#8221; alignment=&#8221;center&#8221; style=&#8221;vc_box_circle_2&#8243; css=&#8221;.vc_custom_1763402003677{margin-right: 50px !important;margin-bottom: 0px !important;margin-left: 50px !important;}&#8221;][vc_column_text css=&#8221;&#8221;] Emanuel Leite JuniorCoordenador [\/vc_column_text][\/vc_column][vc_column width=&#8221;3\/4&#8243;][vc_column_text css=&#8221;&#8221;] Pesquisador Associado da Faculdade Internacional de Futebol da Universidade Tongji, China. Possui doutorado em Pol\u00edticas P\u00fablicas pela Universidade de Aveiro, Portugal, com foco na pol\u00edtica, economia pol\u00edtica e implica\u00e7\u00f5es [&hellip;]<\/p>\n","protected":false},"author":1,"featured_media":0,"parent":0,"menu_order":0,"comment_status":"closed","ping_status":"closed","template":"","meta":{"footnotes":""},"_links":{"self":[{"href":"https:\/\/abrabrics.org\/site\/wp-json\/wp\/v2\/pages\/384"}],"collection":[{"href":"https:\/\/abrabrics.org\/site\/wp-json\/wp\/v2\/pages"}],"about":[{"href":"https:\/\/abrabrics.org\/site\/wp-json\/wp\/v2\/types\/page"}],"author":[{"embeddable":true,"href":"https:\/\/abrabrics.org\/site\/wp-json\/wp\/v2\/users\/1"}],"replies":[{"embeddable":true,"href":"https:\/\/abrabrics.org\/site\/wp-json\/wp\/v2\/comments?post=384"}],"version-history":[{"count":2,"href":"https:\/\/abrabrics.org\/site\/wp-json\/wp\/v2\/pages\/384\/revisions"}],"predecessor-version":[{"id":588,"href":"https:\/\/abrabrics.org\/site\/wp-json\/wp\/v2\/pages\/384\/revisions\/588"}],"wp:attachment":[{"href":"https:\/\/abrabrics.org\/site\/wp-json\/wp\/v2\/media?parent=384"}],"curies":[{"name":"wp","href":"https:\/\/api.w.org\/{rel}","templated":true}]}}