{"id":386,"date":"2025-09-09T14:03:27","date_gmt":"2025-09-09T14:03:27","guid":{"rendered":"https:\/\/abrabrics.org\/site\/?page_id=386"},"modified":"2025-10-18T00:03:59","modified_gmt":"2025-10-18T00:03:59","slug":"economia-e-financas","status":"publish","type":"page","link":"https:\/\/abrabrics.org\/site\/economia-e-financas\/","title":{"rendered":"Economia e finan\u00e7as"},"content":{"rendered":"<div class=\"wpb-content-wrapper\"><p>[vc_row][vc_column][vc_column_text css=&#8221;&#8221;]<\/p>\n<h2 class=\"wp-block-heading\" style=\"text-align: left;\">Grupo de trabalho Economia e finan\u00e7as<\/h2>\n<p>[\/vc_column_text][\/vc_column][\/vc_row][vc_row][vc_column width=&#8221;1\/4&#8243;][vc_single_image image=&#8221;584&#8243; img_size=&#8221;full&#8221; alignment=&#8221;center&#8221; style=&#8221;vc_box_circle_2&#8243; css=&#8221;.vc_custom_1760745828076{margin-right: 50px !important;margin-bottom: 0px !important;margin-left: 50px !important;}&#8221;][vc_column_text css=&#8221;&#8221;]<\/p>\n<p style=\"text-align: center;\"><strong>Carlos Eduardo Martins<br \/>\n<\/strong>Coordenador[\/vc_column_text][\/vc_column][vc_column width=&#8221;3\/4&#8243;][vc_column_text css=&#8221;&#8221;]<\/p>\n<p style=\"text-align: justify;\">Possui gradua\u00e7\u00e3o em Sociologia e Pol\u00edtica pela Pontif\u00edcia Universidade Cat\u00f3lica do Rio de Janeiro (1990), mestrado em Administra\u00e7\u00e3o pela Funda\u00e7\u00e3o Get\u00falio Vargas (1996) e doutorado em Sociologia pela Universidade de S\u00e3o Paulo (2003). Professor Associado III do Instituto de Rela\u00e7\u00f5es Internacionais e Defesa da Universidade Federal do Rio de Janeiro e do quadro permanente do Programa de P\u00f3s-Gradua\u00e7\u00e3o em Economia Pol\u00edtica Internacional (PEPI\/UFRJ), Professor e Pesquisador Visitante no Arrighi Center for Global Studies (2022), sediado na Johns Hopkins University. Editor-chefe da Reoriente: estudos sobre marxismo, depend\u00eancia e sistemas-mundo. Coordenador do Laborat\u00f3rio de Estudos sobre Hegemonia e Contra-Hegemonia de LEHC\/UFRJ, pesquisador do CLACSO nos grupos de trabalho de Estudos sobre Estados Unidos e China e o Mapa do Poder Mundial. Editor do blog Recortes da Conjuntura Mundial. Coordenou o GT de CLACSO Integra\u00e7\u00e3o Regional e Unidade Latino-americana, entre 2010-2016. Integra a Red de Estudios de la Economia Mundial (REDEM) sediada na Benem\u00e9rita Universidad Aut\u00f3noma de Puebla. Foi pesquisador do Instituto de Pesquisa Econ\u00f4mica Aplicada &#8211; DF (2011), pesquisador da REGGEN (2000-2012). Detentor do Pr\u00eamio Jabuti de obra de n\u00e3o-fic\u00e7\u00e3o 2007 pela coautoria e coordena\u00e7\u00e3o junto com Emir Sader, Ivana Jinkings e Rodrigo Nobile de Latinoamericana: enciclop\u00e9dia contempor\u00e2nea de Am\u00e9rica Latina e Caribe. \u00c9 autor de Globaliza\u00e7\u00e3o. depend\u00eancia e neoliberalismo na Am\u00e9rica Latina, publicada pela Boitempo, em 2011, e em ingl\u00eas, em 2020, pelas editoras Brill e Haymarket, em vers\u00e3o atualizada e ampliada. Tem experi\u00eancia na \u00e1rea de Rela\u00e7\u00f5es Internacionais, Economia Pol\u00edtica e Ci\u00eancia Pol\u00edtica, atuando principalmente nos seguintes temas: Sistema-Mundo, Imperialismo, Geopol\u00edtica, Depend\u00eancia, Estados Unidos, China, R\u00fassia, BRICS e Am\u00e9rica Latina.<\/p>\n<p>[\/vc_column_text][vc_separator style=&#8221;shadow&#8221; css=&#8221;&#8221;][\/vc_column][\/vc_row][vc_row][vc_column width=&#8221;1\/4&#8243;][vc_single_image image=&#8221;566&#8243; img_size=&#8221;full&#8221; alignment=&#8221;center&#8221; style=&#8221;vc_box_circle_2&#8243; css=&#8221;.vc_custom_1760037116371{margin-right: 50px !important;margin-bottom: 0px !important;margin-left: 50px !important;}&#8221;][vc_column_text css=&#8221;&#8221;]<\/p>\n<p style=\"text-align: center;\"><strong>Javier Alberto Vadell<br \/>\n<\/strong>Coordenador[\/vc_column_text][\/vc_column][vc_column width=&#8221;3\/4&#8243;][vc_column_text css=&#8221;&#8221;]<\/p>\n<p style=\"text-align: justify;\">Possui gradua\u00e7\u00e3o em Licenciatura em Rela\u00e7\u00f5es Internacionais &#8211; Universidad Nacional de Rosario (1989), mestrado em Ci\u00eancia Pol\u00edtica pela Universidade Estadual de Campinas (1997) e doutorado em Ci\u00eancias Sociais pela Universidade Estadual de Campinas (2002). Atualmente \u00e9 professor adjunto IV da Pontif\u00edcia Universidade Cat\u00f3lica de Minas Gerais. Professor visitante do Doutorado em Rela\u00e7\u00f5es Internacionais da Universidad Nacional de Rosario (UNR), Argentina. Professor visitante no Doutorado em Sociologia da Benem\u00e9rita Universidade Aut\u00f3noma de Puebla (BUAP).Professor Visitante na China Business School Jiaxing University. Research Fellow at Huaqiao University, Xiamen. Editor de Estudos Internacionais, revista de rela\u00e7\u00f5es internacionais da PUC Minas. L\u00edder do Grupo de Pesquisa das Pot\u00eancias M\u00e9dias. Bolsista de Produtividade em Pesquisa no CNPq, n\u00edvel 2. Membro do Conselho Cient\u00edfico do Instituto de Estudos da \u00c1sia. Membro da Red de Integraci\u00f3n de Am\u00e9rica Latina y el Caribe (REDIALC). Membro do Grupo de Investigaci\u00f3n en Cooperaci\u00f3n Sur-Sur e Integraci\u00f3n Regional de la Red Espa\u00f1ola de Estudios del Desarrollo.Membro do Grupo de trabalho da CLACSO &#8220;China e o Mapa de Poder Mundial&#8221;. Desde 2024, membro do Conselho brasileiro de sinologia. Tem experi\u00eancia na \u00e1rea de Ci\u00eancia Pol\u00edtica, com \u00eanfase em Rela\u00e7\u00f5es Internacionais, Bilaterais e Multilaterais, atuando principalmente nos seguintes temas: economia pol\u00edtica internacional; rela\u00e7\u00f5es internacionais da Am\u00e9rica do Sul; Neoliberalismo e globaliza\u00e7\u00e3o; rela\u00e7\u00e3o Brasil-Argentina; BRICS e pot\u00eancias emergentes; desenvolvimento s\u00f3cio-econ\u00f4mico da China e rela\u00e7\u00e3o China-Am\u00e9rica Latina e China no sistema internacional.<\/p>\n<p>[\/vc_column_text][vc_separator style=&#8221;shadow&#8221; css=&#8221;&#8221;][\/vc_column][\/vc_row][vc_row][vc_column width=&#8221;1\/4&#8243;][vc_single_image image=&#8221;513&#8243; img_size=&#8221;full&#8221; alignment=&#8221;center&#8221; style=&#8221;vc_box_circle_2&#8243; css=&#8221;.vc_custom_1758660214782{margin-right: 50px !important;margin-bottom: 0px !important;margin-left: 50px !important;}&#8221;][vc_column_text css=&#8221;&#8221;]<\/p>\n<p style=\"text-align: center;\"><strong>Leonardo C\u00e9sar Souza Ramos<br \/>\n<\/strong>Coordenador[\/vc_column_text][\/vc_column][vc_column width=&#8221;3\/4&#8243;][vc_column_text css=&#8221;&#8221;]<\/p>\n<p style=\"text-align: justify;\">Possui gradua\u00e7\u00e3o em Rela\u00e7\u00f5es Internacionais pela Pontif\u00edcia Universidade Cat\u00f3lica de Minas Gerais, mestrado em Rela\u00e7\u00f5es Internacionais pela Pontif\u00edcia Universidade Cat\u00f3lica do Rio de Janeiro e doutorado em Rela\u00e7\u00f5es Internacionais pela Pontif\u00edcia Universidade Cat\u00f3lica do Rio de Janeiro. Atualmente \u00e9 professor do Departamento de Rela\u00e7\u00f5es Internacionais e coordenador do Programa de P\u00f3s-Gradua\u00e7\u00e3o em Rela\u00e7\u00f5es Internacionais da Pontif\u00edcia Universidade Cat\u00f3lica de Minas Gerais e professor visitante da Universidad Nacional de Rosario (UNR). Bolsista de Produtividade em Pesquisa no CNPq, n\u00edvel 2. Lidera, junto com o professor Javier Vadell, o Grupo de Pesquisa sobre Pot\u00eancias M\u00e9dias (GPPM). \u00c9 pesquisador do Instituto Nacional de Estudos sobre os Estados Unidos (INCT-INEU\/CNPq\/FAPESP) e pesquisador associado \u00e0 Coordenadoria de Estudos da \u00c1sia (CEASIA\/UFPE). \u00c9 membro das seguintes associa\u00e7\u00f5es: Associa\u00e7\u00e3o Brasileira de Rela\u00e7\u00f5es Internacionais (ABRI), International Gramsci Society (IGS e IGS Brasil). Foi coordenador da \u00e1rea tem\u00e1tica de Economia Pol\u00edtica Internacional &#8211; ABRI (2015-2017; 2017-2019), membro da diretoria da ABRI (2019-2021), e secret\u00e1rio-executivo da ABRI (2021-2023). Tem experi\u00eancia na \u00e1rea de Rela\u00e7\u00f5es Internacionais, atuando principalmente nos seguintes temas: Economia Pol\u00edtica Internacional, Gramsci, Hegemonia, Globaliza\u00e7\u00e3o, BRICS, G8 e G20.<\/p>\n<p>[\/vc_column_text][vc_separator style=&#8221;shadow&#8221; css=&#8221;&#8221;][\/vc_column][\/vc_row][vc_row][vc_column width=&#8221;1\/4&#8243;][vc_single_image image=&#8221;479&#8243; img_size=&#8221;full&#8221; alignment=&#8221;center&#8221; style=&#8221;vc_box_circle_2&#8243; css=&#8221;.vc_custom_1758023606170{margin-right: 50px !important;margin-bottom: 0px !important;margin-left: 50px !important;}&#8221;][vc_column_text css=&#8221;&#8221;]<\/p>\n<p style=\"text-align: center;\"><strong>Vitor Moura<br \/>\n<\/strong>Coordenador[\/vc_column_text][\/vc_column][vc_column width=&#8221;3\/4&#8243;][vc_column_text css=&#8221;&#8221;]&nbsp;<\/p>\n<p style=\"text-align: justify;\">Diretor de marketing da C\u00e2mara de Com\u00e9rcio Brasil-China (Bracham), Mestrando em RI na Tsinghua University, Researcher no Valdai Discussion Club.<\/p>\n<p>[\/vc_column_text][vc_separator style=&#8221;shadow&#8221; css=&#8221;&#8221;][\/vc_column][\/vc_row]<\/p>\n<\/div>","protected":false},"excerpt":{"rendered":"<p>[vc_row][vc_column][vc_column_text css=&#8221;&#8221;] Grupo de trabalho Economia e finan\u00e7as [\/vc_column_text][\/vc_column][\/vc_row][vc_row][vc_column width=&#8221;1\/4&#8243;][vc_single_image image=&#8221;584&#8243; img_size=&#8221;full&#8221; alignment=&#8221;center&#8221; style=&#8221;vc_box_circle_2&#8243; css=&#8221;.vc_custom_1760745828076{margin-right: 50px !important;margin-bottom: 0px !important;margin-left: 50px !important;}&#8221;][vc_column_text css=&#8221;&#8221;] Carlos Eduardo Martins Coordenador[\/vc_column_text][\/vc_column][vc_column width=&#8221;3\/4&#8243;][vc_column_text css=&#8221;&#8221;] Possui gradua\u00e7\u00e3o em Sociologia e Pol\u00edtica pela Pontif\u00edcia Universidade Cat\u00f3lica do Rio de Janeiro (1990), mestrado em Administra\u00e7\u00e3o pela Funda\u00e7\u00e3o Get\u00falio Vargas (1996) e doutorado em Sociologia [&hellip;]<\/p>\n","protected":false},"author":1,"featured_media":0,"parent":0,"menu_order":0,"comment_status":"closed","ping_status":"closed","template":"","meta":{"footnotes":""},"_links":{"self":[{"href":"https:\/\/abrabrics.org\/site\/wp-json\/wp\/v2\/pages\/386"}],"collection":[{"href":"https:\/\/abrabrics.org\/site\/wp-json\/wp\/v2\/pages"}],"about":[{"href":"https:\/\/abrabrics.org\/site\/wp-json\/wp\/v2\/types\/page"}],"author":[{"embeddable":true,"href":"https:\/\/abrabrics.org\/site\/wp-json\/wp\/v2\/users\/1"}],"replies":[{"embeddable":true,"href":"https:\/\/abrabrics.org\/site\/wp-json\/wp\/v2\/comments?post=386"}],"version-history":[{"count":8,"href":"https:\/\/abrabrics.org\/site\/wp-json\/wp\/v2\/pages\/386\/revisions"}],"predecessor-version":[{"id":585,"href":"https:\/\/abrabrics.org\/site\/wp-json\/wp\/v2\/pages\/386\/revisions\/585"}],"wp:attachment":[{"href":"https:\/\/abrabrics.org\/site\/wp-json\/wp\/v2\/media?parent=386"}],"curies":[{"name":"wp","href":"https:\/\/api.w.org\/{rel}","templated":true}]}}