{"id":496,"date":"2025-09-18T13:57:59","date_gmt":"2025-09-18T13:57:59","guid":{"rendered":"https:\/\/abrabrics.org\/site\/?page_id=496"},"modified":"2025-09-18T14:00:56","modified_gmt":"2025-09-18T14:00:56","slug":"conselho-consultivo","status":"publish","type":"page","link":"https:\/\/abrabrics.org\/site\/conselho-consultivo\/","title":{"rendered":"Conselho Consultivo"},"content":{"rendered":"<div class=\"wpb-content-wrapper\"><p>[vc_row css=&#8221;.vc_custom_1757700561954{margin-top: 30px !important;}&#8221;][vc_column][vc_column_text css=&#8221;&#8221;]<\/p>\n<h2>Conselho Consultivo<\/h2>\n<p>[\/vc_column_text][\/vc_column][\/vc_row][vc_row][vc_column width=&#8221;1\/4&#8243;][vc_single_image image=&#8221;488&#8243; img_size=&#8221;full&#8221; alignment=&#8221;center&#8221; style=&#8221;vc_box_circle_2&#8243; css=&#8221;.vc_custom_1758115302038{margin-right: 50px !important;margin-bottom: 0px !important;margin-left: 50px !important;}&#8221;][vc_column_text css=&#8221;&#8221;]<\/p>\n<p style=\"text-align: center;\"><strong>Jonnas Vasconcelos<\/strong><br \/>\nRegi\u00e3o Nordeste[\/vc_column_text][\/vc_column][vc_column width=&#8221;3\/4&#8243;][vc_column_text css=&#8221;&#8221;]<\/p>\n<p style=\"text-align: justify;\">Professor da Faculdade de Direito da Universidade Federal da Bahia (UFBA). Chefe do Departamento de Estudos Jur\u00eddicos Fundamentais da Faculdade de Direito da UFBA (2025-atual). Professor da P\u00f3s-gradua\u00e7\u00e3o em Rela\u00e7\u00f5es Internacionais da UFBA (PPGRI-UFBA). Pesquisador Visitante (modalidade bolsista) do Instituto de Pesquisa Econ\u00f4mica e Aplicada &#8211; IPEA (2023-atual). Professor de Direito da Universidade Salvador (Unifacs). Professor do Mestrado em Direito, Governan\u00e7a e Pol\u00edticas P\u00fablicas da Unifacs. Doutor em Direito Econ\u00f4mico pela Faculdade de Direito da Universidade de S\u00e3o Paulo (USP), com est\u00e1gio de pesquisa sob orienta\u00e7\u00e3o de Alfredo Saad da School of Oriental and African Studies &#8211; SOAS University of London. Mestre em Direitos Humanos e Bacharel em Direito tamb\u00e9m pela Faculdade de Direito da Universidade de S\u00e3o Paulo (USP). Foi bolsista do &#8220;BRICS Program&#8221; na Fudan University, em Shanghai (2018). Coordenador do BRICS+ Research Center (NEPBRICS\/UFBA). \u00c1reas e temas de interesse: BRICS, Direito Econ\u00f4mico, Direitos Humanos. Advogado.<\/p>\n<p>[\/vc_column_text][vc_separator style=&#8221;shadow&#8221; css=&#8221;&#8221;][\/vc_column][\/vc_row][vc_row css=&#8221;.vc_custom_1757700592678{margin-bottom: 50px !important;}&#8221;][vc_column width=&#8221;1\/4&#8243;][vc_single_image image=&#8221;461&#8243; img_size=&#8221;full&#8221; alignment=&#8221;center&#8221; style=&#8221;vc_box_circle_2&#8243; css=&#8221;.vc_custom_1757702092716{margin-right: 50px !important;margin-bottom: 0px !important;margin-left: 50px !important;}&#8221;][vc_column_text css=&#8221;&#8221;]<\/p>\n<p style=\"text-align: center;\"><strong>George Coelho<\/strong><br \/>\nRegi\u00e3o Norte[\/vc_column_text][\/vc_column][vc_column width=&#8221;3\/4&#8243;][vc_column_text css=&#8221;&#8221;]<\/p>\n<p style=\"text-align: justify;\">Possui gradua\u00e7\u00e3o &#8211; Bacharelado e Licenciatura &#8211; em Hist\u00f3ria pela Universidade Federal de Goi\u00e1s (2006), mestrado em Hist\u00f3ria pela Universidade Federal de Goi\u00e1s (2010) e doutorado em Hist\u00f3ria pela Universidade Federal de Goi\u00e1s (2015). Fez est\u00e1gio p\u00f3s-doutoral em Hist\u00f3ria na Universidade Federal do Estado do Rio de Janeiro (UNIRIO), na Universidade Federal de Goi\u00e1s (UFG) e na Universidade Federal do Tocantins (UFT). Atualmente \u00e9 Professor Adjunto no curso de Licenciatura em Hist\u00f3ria da UFT-Porto Nacional e coordenador do PPGHispam-UFT. \u00c9 o atual presidente da ANPUH-TO e vice coordenador do Centro de Documenta\u00e7\u00e3o e Mem\u00f3ria de Arraias e Regi\u00e3o (CDMAR). Tem experi\u00eancia na \u00e1rea de ensino de Hist\u00f3ria, fotogr\u00e1fica, Literatura e Hist\u00f3ria, com \u00eanfase em Hist\u00f3ria do Brasil e Literatura Modernista atuando principalmente nos seguintes temas: discurso e poder, literatura modernista, projetos de integra\u00e7\u00e3o e pensamento autorit\u00e1rio brasileiro. Tamb\u00e9m desenvolve pesquisa abordando as rela\u00e7\u00f5es entre M\u00eddias, tecnologias e Hist\u00f3ria, criador e l\u00edder do Grupo de Pesquisa em M\u00eddias, tecnologias e Hist\u00f3ria (MITECHIS). \u00c9 criador e Editor da revista Converg\u00eancias: Estudos em Humanidades Digitais (2965-2758) e parecerista em mais de dez peri\u00f3dicos nacionais.<\/p>\n<p>[\/vc_column_text][vc_separator style=&#8221;shadow&#8221; css=&#8221;&#8221;][\/vc_column][\/vc_row]<\/p>\n<\/div>","protected":false},"excerpt":{"rendered":"<p>[vc_row css=&#8221;.vc_custom_1757700561954{margin-top: 30px !important;}&#8221;][vc_column][vc_column_text css=&#8221;&#8221;] Conselho Consultivo [\/vc_column_text][\/vc_column][\/vc_row][vc_row][vc_column width=&#8221;1\/4&#8243;][vc_single_image image=&#8221;488&#8243; img_size=&#8221;full&#8221; alignment=&#8221;center&#8221; style=&#8221;vc_box_circle_2&#8243; css=&#8221;.vc_custom_1758115302038{margin-right: 50px !important;margin-bottom: 0px !important;margin-left: 50px !important;}&#8221;][vc_column_text css=&#8221;&#8221;] Jonnas Vasconcelos Regi\u00e3o Nordeste[\/vc_column_text][\/vc_column][vc_column width=&#8221;3\/4&#8243;][vc_column_text css=&#8221;&#8221;] Professor da Faculdade de Direito da Universidade Federal da Bahia (UFBA). Chefe do Departamento de Estudos Jur\u00eddicos Fundamentais da Faculdade de Direito da UFBA (2025-atual). Professor da P\u00f3s-gradua\u00e7\u00e3o [&hellip;]<\/p>\n","protected":false},"author":1,"featured_media":0,"parent":0,"menu_order":0,"comment_status":"closed","ping_status":"closed","template":"","meta":{"footnotes":""},"_links":{"self":[{"href":"https:\/\/abrabrics.org\/site\/wp-json\/wp\/v2\/pages\/496"}],"collection":[{"href":"https:\/\/abrabrics.org\/site\/wp-json\/wp\/v2\/pages"}],"about":[{"href":"https:\/\/abrabrics.org\/site\/wp-json\/wp\/v2\/types\/page"}],"author":[{"embeddable":true,"href":"https:\/\/abrabrics.org\/site\/wp-json\/wp\/v2\/users\/1"}],"replies":[{"embeddable":true,"href":"https:\/\/abrabrics.org\/site\/wp-json\/wp\/v2\/comments?post=496"}],"version-history":[{"count":3,"href":"https:\/\/abrabrics.org\/site\/wp-json\/wp\/v2\/pages\/496\/revisions"}],"predecessor-version":[{"id":499,"href":"https:\/\/abrabrics.org\/site\/wp-json\/wp\/v2\/pages\/496\/revisions\/499"}],"wp:attachment":[{"href":"https:\/\/abrabrics.org\/site\/wp-json\/wp\/v2\/media?parent=496"}],"curies":[{"name":"wp","href":"https:\/\/api.w.org\/{rel}","templated":true}]}}