{"id":7,"date":"2025-08-15T18:07:46","date_gmt":"2025-08-15T18:07:46","guid":{"rendered":"https:\/\/abrabrics.org\/?page_id=7"},"modified":"2025-09-12T21:53:03","modified_gmt":"2025-09-12T21:53:03","slug":"institucional","status":"publish","type":"page","link":"https:\/\/abrabrics.org\/site\/institucional\/","title":{"rendered":"Institucional"},"content":{"rendered":"<div class=\"wpb-content-wrapper\"><p>[vc_row][vc_column][vc_column_text css=&#8221;.vc_custom_1757713979493{margin-bottom: 40px !important;}&#8221;]<\/p>\n<h2 data-start=\"223\" data-end=\"543\">Institucional<\/h2>\n<p>&nbsp;<\/p>\n<p style=\"text-align: justify;\" data-start=\"223\" data-end=\"543\">A <strong data-start=\"225\" data-end=\"296\">Associa\u00e7\u00e3o Brasileira Acad\u00eamicos em Defesa dos BRICS (ABRABRICS)<\/strong> \u00e9 uma entidade de direito privado, sem fins econ\u00f4micos, sediada em Porto Alegre (RS), criada com o prop\u00f3sito de promover o fortalecimento do agrupamento <strong data-start=\"450\" data-end=\"459\">BRICS<\/strong> e incentivar a participa\u00e7\u00e3o ativa da sociedade brasileira em seu desenvolvimento.<\/p>\n<p style=\"text-align: justify;\" data-start=\"545\" data-end=\"1025\">De car\u00e1ter <strong data-start=\"556\" data-end=\"575\">suprapartid\u00e1rio<\/strong>, a ABRABRICS pauta-se pelo respeito \u00e0 diversidade cultural, pol\u00edtica e religiosa de seus membros, bem como pela relev\u00e2ncia p\u00fablica e social de suas a\u00e7\u00f5es. Sua atua\u00e7\u00e3o \u00e9 orientada pelos princ\u00edpios da <strong data-start=\"775\" data-end=\"788\">soberania<\/strong>, da <strong data-start=\"793\" data-end=\"845\">n\u00e3o-interven\u00e7\u00e3o nos assuntos internos dos pa\u00edses<\/strong>, do <strong data-start=\"850\" data-end=\"862\">consenso<\/strong> nas decis\u00f5es e da defesa de uma <strong data-start=\"895\" data-end=\"923\">ordem mundial multipolar<\/strong>, condi\u00e7\u00e3o essencial para um desenvolvimento sustent\u00e1vel e aut\u00f4nomo dos pa\u00edses que integram o BRICS.<\/p>\n<p style=\"text-align: justify;\" data-start=\"1027\" data-end=\"1490\">Para cumprir sua miss\u00e3o, a ABRABRICS promove a produ\u00e7\u00e3o e dissemina\u00e7\u00e3o de estudos e conte\u00fados sobre os BRICS, fomenta redes colaborativas para pol\u00edticas p\u00fablicas, realiza atividades formativas e organiza eventos de integra\u00e7\u00e3o entre indiv\u00edduos, organiza\u00e7\u00f5es e pa\u00edses do agrupamento. Tamb\u00e9m busca estimular o di\u00e1logo entre institui\u00e7\u00f5es sociais, econ\u00f4micas, cient\u00edficas, pol\u00edticas e culturais dos pa\u00edses membros, refor\u00e7ando a participa\u00e7\u00e3o ativa do Brasil no bloco.<\/p>\n<p style=\"text-align: justify;\" data-start=\"1492\" data-end=\"1770\">A associa\u00e7\u00e3o estabelece parcerias, conv\u00eanios e interc\u00e2mbios com organiza\u00e7\u00f5es p\u00fablicas e privadas, nacionais e internacionais, desde que vinculadas ao universo do BRICS, garantindo que suas iniciativas estejam sempre alinhadas aos princ\u00edpios que orientam sua cria\u00e7\u00e3o e atua\u00e7\u00e3o.<\/p>\n<p>[\/vc_column_text][\/vc_column][\/vc_row]<\/p>\n<\/div>","protected":false},"excerpt":{"rendered":"<p>[vc_row][vc_column][vc_column_text css=&#8221;.vc_custom_1757713979493{margin-bottom: 40px !important;}&#8221;] Institucional &nbsp; A Associa\u00e7\u00e3o Brasileira Acad\u00eamicos em Defesa dos BRICS (ABRABRICS) \u00e9 uma entidade de direito privado, sem fins econ\u00f4micos, sediada em Porto Alegre (RS), criada com o prop\u00f3sito de promover o fortalecimento do agrupamento BRICS e incentivar a participa\u00e7\u00e3o ativa da sociedade brasileira em seu desenvolvimento. De car\u00e1ter suprapartid\u00e1rio, a [&hellip;]<\/p>\n","protected":false},"author":1,"featured_media":0,"parent":0,"menu_order":0,"comment_status":"closed","ping_status":"closed","template":"","meta":{"footnotes":""},"_links":{"self":[{"href":"https:\/\/abrabrics.org\/site\/wp-json\/wp\/v2\/pages\/7"}],"collection":[{"href":"https:\/\/abrabrics.org\/site\/wp-json\/wp\/v2\/pages"}],"about":[{"href":"https:\/\/abrabrics.org\/site\/wp-json\/wp\/v2\/types\/page"}],"author":[{"embeddable":true,"href":"https:\/\/abrabrics.org\/site\/wp-json\/wp\/v2\/users\/1"}],"replies":[{"embeddable":true,"href":"https:\/\/abrabrics.org\/site\/wp-json\/wp\/v2\/comments?post=7"}],"version-history":[{"count":19,"href":"https:\/\/abrabrics.org\/site\/wp-json\/wp\/v2\/pages\/7\/revisions"}],"predecessor-version":[{"id":471,"href":"https:\/\/abrabrics.org\/site\/wp-json\/wp\/v2\/pages\/7\/revisions\/471"}],"wp:attachment":[{"href":"https:\/\/abrabrics.org\/site\/wp-json\/wp\/v2\/media?parent=7"}],"curies":[{"name":"wp","href":"https:\/\/api.w.org\/{rel}","templated":true}]}}